{"id":108,"date":"2011-10-17T15:44:46","date_gmt":"2011-10-17T13:44:46","guid":{"rendered":"http:\/\/elise-spring.net\/WordPress3\/?page_id=108"},"modified":"2020-05-11T21:03:15","modified_gmt":"2020-05-11T19:03:15","slug":"monnaies-money","status":"publish","type":"page","link":"http:\/\/elispring.net\/wordpress\/monnaies-money\/","title":{"rendered":"Monnaies, Money&#8230;"},"content":{"rendered":"\n<p class=\"has-small-font-size\"><em>Page cr\u00e9\u00e9e en octobre 2011, modifi\u00e9e le 22 d\u00e9cembre 2018.<\/em><\/p>\n\n\n<p>L&rsquo;argent !&#8230;<\/p>\n<p>Voici quelques notions fondamentales qu&rsquo;il me semble important de comprendre \u00e0 son propos.<\/p>\n<p>Au Monopoly, comme dans la vraie vie, l&rsquo;argent est cr\u00e9\u00e9 <em>ex-nihilo<\/em> par la <em>banque<\/em>.<\/p>\n<p>Par contre, dans ce jeu, le r\u00f4le de banquier n&rsquo;a pas&#8230; d&rsquo;en-jeu : en effet, m\u00eame s&rsquo;il est tenu par l&rsquo;un des joueurs, ce-dernier ne tire aucun avantage de son r\u00f4le de banquier (si ce n&rsquo;est le plaisir de manipuler plus de billets\u00a0?!&#8230;).<\/p>\n<p>Qui accepterait de jouer au Monopoly si le joueur d\u00e9sign\u00e9 banquier demandait des int\u00e9r\u00eats sur l&rsquo;argent \u00ab\u00a0pr\u00eat\u00e9\u00a0\u00bb (mais en fait cr\u00e9\u00e9) et pouvait inclure dans son capital ce qu&rsquo;il r\u00e9cup\u00e8re de son statut de cr\u00e9ateur de monnaie ?<\/p>\n<hr \/>\n<p>Ne cherchant pas \u00e0 pr\u00e9senter un article acad\u00e9mique, je n&rsquo;indique pas les r\u00e9f\u00e9rences de mes sources au fil du texte. Je propose \u00e0 la fin une liste de documents p\u00e9dagogiques plus ou moins complexes et j&rsquo;invite le lecteur \u00e0 s&rsquo;y plonger plut\u00f4t que de croire sur parole ce que j&rsquo;affirme ici.<\/p>\n<h1>Dans nos syst\u00e8mes, toute monnaie en circulation correspond \u00e0 une dette<\/h1>\n<p>La monnaie est un moyen d&rsquo;introduire un d\u00e9calage temporel entre la cession d&rsquo;une richesse et l&rsquo;acquisition d&rsquo;une autre. Alors que le troc impose une simultan\u00e9it\u00e9, la monnaie permet d&rsquo;introduire une souplesse dans les \u00e9changes \u00e0 l&rsquo;int\u00e9rieur d&rsquo;une communaut\u00e9.<\/p>\n<p>A certaines \u00e9poques, la monnaie \u00e9tait elle-m\u00eame une richesse, sous forme suffisamment fractionnable pour servir d&rsquo;interm\u00e9diaire (sel, or). (1)<\/p>\n<p>Actuellement, la monnaie n&rsquo;a aucune valeur en elle-m\u00eame. Elle repr\u00e9sente un compteur. L&rsquo;incr\u00e9mentation du compteur d&rsquo;un acteur (+1\u20ac) correspond \u00e0 la diminution du compteur d&rsquo;un autre acteur (-1\u20ac). Le syst\u00e8me mon\u00e9taire actuel est un pur <span style=\"text-decoration: underline;\">syst\u00e8me d&rsquo;information<\/span>.<\/p>\n<p>Pour une communaut\u00e9 qui initie un syst\u00e8me mon\u00e9taire de cette sorte, tous les compteurs sont \u00e0 z\u00e9ro au d\u00e9part. D\u00e8s qu&rsquo;une transaction a lieu -par exemple d&rsquo;une valeur de 100\u20ac- le compteur du vendeur passe \u00e0 +100 (sous forme d&rsquo;esp\u00e8ces dans sa poche ou de chiffres sur son compte) tandis que celui de l&rsquo;acheteur est \u00e0 -100\u20ac (dette). Bien s\u00fbr, l&rsquo;\u00e9tat des compteurs doit \u00eatre tenu et surveill\u00e9 par un organisme tiers.<\/p>\n<p>Ce fait peut \u00eatre surprenant pour un novice mais n&rsquo;a rien de choquant. Ce qui l&rsquo;est, c&rsquo;est d&rsquo;entretenir l&rsquo;id\u00e9e qu&rsquo;il faudrait effacer les dettes alors que, dans un tel syst\u00e8me, cela reviendrait \u00e0 supprimer la monnaie !<\/p>\n<p><span style=\"color: #800080;\"><span style=\"text-decoration: underline;\">Reformulation<\/span>\u00a0:<\/span><\/p>\n<p><span style=\"color: #800080;\">Si j&#8217;emprunte \u00e0 la banque pour acheter, disons, une voiture de 10 000\u20ac, la banque met \u00e0 ma disposition une \u00ab attestation \u00bb que je transmets au vendeur comme quoi il a c\u00e9d\u00e9 un bien valant 10 000\u20ac et peut donc pr\u00e9tendre acqu\u00e9rir sur le march\u00e9 des biens ou services pour une valeur \u00e9gale.<\/span><\/p>\n<p><span style=\"color: #800080;\">Ces 10 000\u20ac constituent une sorte de \u00ab bon d&rsquo;achat \u00bb pour celui qui le re\u00e7oit.<\/span><\/p>\n<p><span style=\"color: #800080;\">La banque se charge en m\u00eame temps de prendre note que je dois, de mon c\u00f4t\u00e9, procurer \u00e0 la communaut\u00e9 des biens\/services \u00e0 hauteur de 10 000\u20ac. J&rsquo;ai donc une dette, <span style=\"text-decoration: underline;\">non pas envers la banque, mais envers la communaut\u00e9<\/span>.<\/span><\/p>\n<p><span style=\"color: #800080;\">Si j&rsquo;\u00e9tais d\u00e9j\u00e0 en possession des 10 000\u20ac c&rsquo;est que j&rsquo;avais, par le travail ou par les rentes, obtenu cette attestation comme quoi j&rsquo;avais un solde positif, autrement dit le droit d&rsquo;acqu\u00e9rir des biens et services \u00e0 hauteur de 10 000\u20ac. En achetant ma voiture, j&rsquo;ai exerc\u00e9 ce droit.<\/span><\/p>\n<p><span style=\"color: #800080;\">Ainsi, il est coh\u00e9rent que toute monnaie en circulation corresponde \u00e0 une dette. Cependant, il s&rsquo;agit d&rsquo;une dette envers la communaut\u00e9 et non pas envers l&rsquo;\u00e9tablissement gestionnaire qui, lui, <span style=\"text-decoration: underline;\">ne s&rsquo;est priv\u00e9 d&rsquo;aucune richesse<\/span>.<\/span><\/p>\n<h1>La question des int\u00e9r\u00eats sur un pr\u00eat<\/h1>\n<p>Charger des int\u00e9r\u00eats sur un pr\u00eat est pertinent dans la mesure o\u00f9 le pr\u00eateur se prive de la possibilit\u00e9 d&rsquo;utiliser l&rsquo;objet qu&rsquo;il pr\u00eate ou, dans le cas d&rsquo;un pr\u00eat de monnaie entre acteurs non bancaires, d&rsquo;utiliser les \u00ab\u00a0bons d&rsquo;achats\u00a0\u00bb que repr\u00e9sentent les euros pr\u00eat\u00e9s.<\/p>\n<p>De plus, dans la mesure o\u00f9 celui qui emprunte est cens\u00e9 investir dans une activit\u00e9 productrice de richesse, il est \u00e9galement pertinent que le pr\u00eateur soit int\u00e9ress\u00e9 sur la richesse cr\u00e9\u00e9e.<\/p>\n<p>Par contre\u00a0:<\/p>\n<ul>\n<li>d\u00e8s lors que l&rsquo;on demande des int\u00e9r\u00eats, il faut \u00e9galement mettre en circulation la monnaie qui correspond \u00e0 ces int\u00e9r\u00eats, sinon il y a in\u00e9vitablement un d\u00e9ficit croissant de monnaie par rapport \u00e0 la dette totale (capital principal + int\u00e9r\u00eats).<br \/>C&rsquo;est ce qu&rsquo;il se passe dans notre syst\u00e8me actuel.<br \/>C&rsquo;est \u00e0 la communaut\u00e9 de mettre en circulation cette monnaie, sans int\u00e9r\u00eat qui y soit attach\u00e9 sous peine d&rsquo;aggraver l&rsquo;\u00e9cart dette-monnaie.<\/li>\n<li>il n&rsquo;y rien qui justifie qu&rsquo;un \u00e9tablissement bancaire charge des int\u00e9r\u00eats pour la monnaie mise en circulation puisque la banque, ce faisant, ne se d\u00e9met d&rsquo;aucune richesse. Son r\u00f4le se r\u00e9sume finalement \u00e0 administrer les compteurs des acteurs, et en particulier \u00e0 veiller \u00e0 ce qu&rsquo;un acteur ne reste pas durablement ou excessivement dans le n\u00e9gatif.<\/li>\n<li>je trouve choquant d&rsquo;entretenir l&rsquo;id\u00e9e que le montant mis en circulation par une banque lors d&rsquo;un cr\u00e9dit correspond \u00e0 une richesse qu&rsquo;elle, ou ses \u00e9pargnants, ont accumul\u00e9e. Une banque peut mettre en circulation 10, 20, 30 fois le montant de ses r\u00e9serves (r\u00e9serves qui sont elles-m\u00eames constitu\u00e9s de monnaie-dette).<br \/><span style=\"text-decoration: underline;\">Il ne s&rsquo;agit donc pas de pr\u00eats<\/span>.<\/li>\n<\/ul>\n<p>Le r\u00f4le des banques rel\u00e8ve de mon point de vue du service public. Il est normal qu&rsquo;elles soient r\u00e9mun\u00e9r\u00e9es pour ce service mais il est aberrant de les voir exiger une r\u00e9mun\u00e9ration qui d\u00e9pend du montant et de la dur\u00e9e des cr\u00e9dits en entretenant les croyances qu&rsquo;elles \u00ab pr\u00eatent \u00bb et \u00ab prennent des risques \u00bb<\/p>\n<h1>Le syst\u00e8me de r\u00e9serves fractionnaires<\/h1>\n<p>Cela demande du temps pour d\u00e9couvrir et comprendre le m\u00e9canisme du syst\u00e8me de r\u00e9serves fractionnaires. La meilleure pr\u00e9sentation me para\u00eet \u00eatre celle propos\u00e9e <a href=\"http:\/\/www.youtube.com\/watch?v=pOPCaXYXcqU\" target=\"_blank\" rel=\"noopener noreferrer\">ici<\/a> (extrait de <em>Zeitgeist Addendum<\/em> sous-titr\u00e9 en fran\u00e7ais &#8211; 12min).<\/p>\n<p>Historiquement, les r\u00e9serves \u00e9taient constitu\u00e9es de m\u00e9taux pr\u00e9cieux (or) et le syst\u00e8me de r\u00e9serves fractionnaires a \u00e9t\u00e9 d\u00e9velopp\u00e9 pour permettre aux banques de mettre en circulation plus de monnaie que le montant des richesses en r\u00e9serve. Ce syst\u00e8me a permis aux banques d&rsquo;augmenter largement l&rsquo;assiette sur laquelle elles r\u00e9coltent des int\u00e9r\u00eats.<\/p>\n<p>Actuellement, les r\u00e9serves sont elles-m\u00eames constitu\u00e9es d&rsquo;une monnaie sans valeur intrins\u00e8que, \u00e9mise <em>ex-nihilo<\/em> par les banques centrales contre reconnaissance de dettes de la part les emprunteurs (banques commerciales ou, hors de d&rsquo;Europe, les \u00e9tats). Cette <em>monnaie centrale<\/em> constitue moins de 10% de la masse mon\u00e9taire.<\/p>\n<p>Quoiqu&rsquo;il en soit, l&rsquo;ensemble de la monnaie en circulation est de la monnaie-dette et la notion de r\u00e9serve n&rsquo;a plus gu\u00e8re de sens.<\/p>\n<h1>Les \u00c9tats empruntent aupr\u00e8s d&rsquo;\u00e9tablissements priv\u00e9s<\/h1>\n<p>&#8230;Ils payent donc des int\u00e9r\u00eats sur des \u00ab\u00a0pr\u00eats\u00a0\u00bb qui, comme on l&rsquo;a vu, n&rsquo;en sont pas du tout.<\/p>\n<p>En Europe, la BCE est un \u00e9tablissement public qui reverse \u00e0 la communaut\u00e9 les int\u00e9r\u00eats de ses \u00ab\u00a0pr\u00eats\u00a0\u00bb . Par contre, les \u00e9tats ne peuvent emprunter qu&rsquo;aupr\u00e8s des banques commerciales (article 104 du Trait\u00e9 de Maastricht). <span style=\"text-decoration: underline;\">Les int\u00e9r\u00eats sur les dettes des \u00e9tats europ\u00e9ens reviennent donc principalement au secteur priv\u00e9.<\/span><\/p>\n<p>En France, le montant de la dette nationale correspond actuellement aux int\u00e9r\u00eats cumul\u00e9s ces quarante derni\u00e8res ann\u00e9es. Ainsi, l&rsquo;endettement nationale n&rsquo;est pas d\u00fb \u00e0 un train de vie excessif mais au transfert de l&rsquo;\u00e9mission mon\u00e9taire \u00e0 des \u00e9tablissements priv\u00e9s.<\/p>\n<p>Aux \u00c9tats-Unis, la <em>Federal Reserve<\/em> est, dans les faits, un \u00e9tablissement priv\u00e9 dont les propri\u00e9taires, les principales banques commerciales qui l&rsquo;ont fond\u00e9e (JP Morgan, Citibank, Bank of America,&#8230;) , r\u00e9coltent chaque ann\u00e9e, par statuts, 6% du montant de leur part. Le Tr\u00e9sor am\u00e9ricain emprunte aupr\u00e8s de la Fed. L\u00e0 encore, les int\u00e9r\u00eats de la dette de l&rsquo;\u00e9tat reviennent donc en grande partie au secteur priv\u00e9.<\/p>\n<h1>En quoi les banques sont-elles en difficult\u00e9 ?<\/h1>\n<p>Quelques \u00e9l\u00e9ments de r\u00e9ponse :<\/p>\n<ul>\n<li>les grands banquiers savent tr\u00e8s bien le pouvoir que leur conf\u00e8re leur position. Il est na\u00eff de ne pas comprendre qu&rsquo;ils cherchent \u00e0 en avoir plus. Toutes les grandes crises financi\u00e8res sont l&rsquo;occasion de concentrations bancaires. Les vainqueurs ressortent plus puissants de ces crises.<\/li>\n<li>les banquiers peuvent pr\u00e9f\u00e9rer tenir un \u00e9tablissement \u00e0 flots en le renflouant via&#8230; l&rsquo;\u00e9tat. Une fa\u00e7on comme une autre d&rsquo;accro\u00eetre un peu plus la dette nationale envers les banques.<\/li>\n<li>lorsque le cours de l&rsquo;action d&rsquo;une banque chute, les perdants sont les petits actionnaires. Les gros actionnaires, en particuliers les banques concurrentes, vont pouvoir racheter l&rsquo;\u00e9tablissement \u00e0 bon compte. De plus, quand bien m\u00eame le cours de son action chute, la banque ne perd pas les titres de propri\u00e9t\u00e9s -de vraies richesses- qu&rsquo;elle a pu acqu\u00e9rir \u00e0 bon compte au fil de son activit\u00e9 aupr\u00e8s de cr\u00e9anciers qui lui ont fait d\u00e9faut. En effet, un des aspects pervers du syst\u00e8me actuel est l&rsquo;in\u00e9vitable d\u00e9faut de certains acteurs du fait du d\u00e9ficit de monnaie par rapport \u00e0 la dette.<\/li>\n<\/ul>\n<h1>Documents<\/h1>\n<p>La r\u00e9f\u00e9rence la plus fiable, mais aussi la plus technique, est le document \u00e9mis dans les ann\u00e9es 90 par une branche r\u00e9gionale de la Fed : <a href=\"http:\/\/www.truthsetsusfree.com\/ModernMoneyMechanics.pdf\"><em>Modern Money Mechanics<\/em><\/a><\/p>\n<ul>\n<li>livre : <em>La Monnaie, un enjeu de politique<\/em> (2018 &#8211; Les \u00e9conomistes atterr\u00e9s)<\/li>\n<li>vid\u00e9o : <a href=\"http:\/\/www.youtube.com\/watch?v=ZE8xBzcLYRs&amp;feature=player_embedded\" target=\"_blank\" rel=\"noopener noreferrer\">Comprendre la dette publique<\/a>\u00a0 (10&prime;)<\/li>\n<li>vid\u00e9o : <a href=\"https:\/\/www.youtube.com\/watch?v=Hj35Pjbdmas\">La dette : une spirale infernale<\/a> (2015 &#8211; 1h20) Diffus\u00e9 sur Arte en f\u00e9vrier 2015, il s&rsquo;agit -il me semble- du premier documentaire d\u00e9voilant sans fard l&rsquo;arnaque de la dette sur une cha\u00eene TV institutionnelle.<\/li>\n<li>vid\u00e9o : <a href=\"http:\/\/inter-agir.fr\/\">Argent : Dette, crise, ch\u00f4mage<\/a> (2014 &#8211; 2h): la partie qui concerne la monnaie (premi\u00e8res 75&prime;) me semble \u00eatre de loin la pr\u00e9sentation la plus pr\u00e9cise et soign\u00e9e.<\/li>\n<\/ul>\n<hr \/>\n<ul>\n<li>vid\u00e9o : <a href=\"http:\/\/www.themoneyfix.org\/content\/video-money-fix\" target=\"_blank\" rel=\"noopener noreferrer\">The Money Fix<\/a> (sous-titr\u00e9 &#8211; premi\u00e8re 1\/2h consacr\u00e9e au syst\u00e8me actuel, puis r\u00e9flexion et exemples d&rsquo;alternatives)<\/li>\n<li>vid\u00e9o : <a href=\"http:\/\/vimeo.com\/71074210\">A flaw in the monetary system ?<\/a> (7&prime;, en anglais)<\/li>\n<li>vid\u00e9o : <a href=\"http:\/\/www.youtube.com\/watch?v=pOPCaXYXcqU\" target=\"_blank\" rel=\"noopener noreferrer\">extrait de Zeitgeist Addendum<\/a> (sous-titr\u00e9 &#8211; 12min)<\/li>\n<li>article : <a href=\"http:\/\/www.societal.org\/monnaie\/creationmonnaiepourlesnuls.pdf\" target=\"_blank\" rel=\"noopener noreferrer\">Cr\u00e9ation de la monnaie pour les nuls<\/a><\/li>\n<li>article : <a href=\"http:\/\/wiki.thetransitioner.org\/@api\/deki\/files\/27\/=Face_cach%25c3%25a9e_monnaie.pdf\" target=\"_blank\" rel=\"noopener noreferrer\">La face cach\u00e9e de la monnaie<\/a><\/li>\n<li>livre : <a href=\"http:\/\/etienne.chouard.free.fr\/Europe\/forum\/index.php?2008\/05\/16\/94-la-dette-publique-est-une-affaire-tres-rentable-mais-pour-qui\">La Dette Publique, une affaire rentable<\/a> (Andr\u00e9-Jacques Holbecq et Philippe Derudder &#8211; 2008)<\/li>\n<li>article : <a href=\"http:\/\/etienne.chouard.free.fr\/Europe\/messages_recus\/La_crise_mondiale_d_aujourd_hui_Maurice_Allais_1998.htm\" target=\"_blank\" rel=\"noopener noreferrer\">La crise mondiale d&rsquo;aujourd&rsquo;hui<\/a> (Maurice Allais (prix Nobel d&rsquo;\u00e9conomie 1988) &#8211; 1998)<\/li>\n<li>livre : <em>Web of Debt<\/em> (E. Hodgson Brown &#8211; 2008)<\/li>\n<li>livre :<em> L\u2019Argent<\/em> (J.K. Galbraith &#8211; 1975)<\/li>\n<\/ul>\n<p>(1) Dans son livre <em>Debt, The First 5,000 Years<\/em> (2011) l&rsquo;anthropologue David Graeber montre que la croyance selon laquelle il y aurait une \u00e9volution temporelle <em>troc<\/em>\u2192<em>monnaie mat\u00e9rielle<\/em>\u2192<em>monnaie de cr\u00e9dit\u00a0 <\/em>ne peut \u00eatre \u00e9tay\u00e9e par aucun \u00e9l\u00e9ment factuel. Au contraire, tout indique qu&rsquo;il y a eu des <em>allers-retours<\/em> et des <em>cohabitations<\/em> entre ces diff\u00e9rents modes d&rsquo;\u00e9changes.<\/p>","protected":false},"excerpt":{"rendered":"<p>Page cr\u00e9\u00e9e en octobre 2011, modifi\u00e9e le 22 d\u00e9cembre 2018. L&rsquo;argent !&#8230; Voici quelques notions fondamentales qu&rsquo;il me semble important de comprendre \u00e0 son propos. Au Monopoly, comme dans la vraie vie, l&rsquo;argent est cr\u00e9\u00e9 ex-nihilo par la banque. Par contre, dans ce jeu, le r\u00f4le de banquier n&rsquo;a pas&#8230; d&rsquo;en-jeu : en effet, m\u00eame s&rsquo;il est tenu par l&rsquo;un <a class=\"more-link\" href=\"http:\/\/elispring.net\/wordpress\/monnaies-money\/\">Continuer la lecture <span class=\"screen-reader-text\">  Monnaies, Money&#8230;<\/span><span class=\"meta-nav\">&rarr;<\/span><\/a><\/p>\n","protected":false},"author":1,"featured_media":0,"parent":0,"menu_order":0,"comment_status":"closed","ping_status":"open","template":"","meta":{"footnotes":""},"_links":{"self":[{"href":"http:\/\/elispring.net\/wordpress\/wp-json\/wp\/v2\/pages\/108"}],"collection":[{"href":"http:\/\/elispring.net\/wordpress\/wp-json\/wp\/v2\/pages"}],"about":[{"href":"http:\/\/elispring.net\/wordpress\/wp-json\/wp\/v2\/types\/page"}],"author":[{"embeddable":true,"href":"http:\/\/elispring.net\/wordpress\/wp-json\/wp\/v2\/users\/1"}],"replies":[{"embeddable":true,"href":"http:\/\/elispring.net\/wordpress\/wp-json\/wp\/v2\/comments?post=108"}],"version-history":[{"count":17,"href":"http:\/\/elispring.net\/wordpress\/wp-json\/wp\/v2\/pages\/108\/revisions"}],"predecessor-version":[{"id":953,"href":"http:\/\/elispring.net\/wordpress\/wp-json\/wp\/v2\/pages\/108\/revisions\/953"}],"wp:attachment":[{"href":"http:\/\/elispring.net\/wordpress\/wp-json\/wp\/v2\/media?parent=108"}],"curies":[{"name":"wp","href":"https:\/\/api.w.org\/{rel}","templated":true}]}}